{"id":2184,"date":"2020-03-30T18:45:43","date_gmt":"2020-03-30T17:45:43","guid":{"rendered":"http:\/\/www.schmutz-treuhand.ch\/?page_id=2184"},"modified":"2020-03-30T18:57:54","modified_gmt":"2020-03-30T17:57:54","slug":"datenschutz","status":"publish","type":"page","link":"https:\/\/www.schmutz-treuhand.ch\/index.php\/datenschutz\/","title":{"rendered":"Datenschutz"},"content":{"rendered":"\n<p>Sie k\u00f6nnen generell auf den Seiten von schmutz treuhand navigieren, ohne Informationen zu hinterlassen, die einen R\u00fcckschluss auf Ihre Identit\u00e4t erm\u00f6glichen.<\/p>\n\n\n\n<p>Wir erstellen keine Benutzerprofile und f\u00fchren auch keine solchen Statistiken. Cookies m\u00fcssen f\u00fcr die Benutzung der Seite als Besucher nicht aktiviert sein.<\/p>\n\n\n\n<p>Beim Navigieren durch die Seiten, beim Lesen und Herunterladen von Inhalten werden jedoch einige Daten automatisch gesammelt und gespeichert:<\/p>\n\n\n\n<ul class=\"wp-block-list\"><li>der Name der Internet Dom\u00e4ne (z.B. \u201ewww.ihredom\u00e4ne.com\u201c, wenn Sie \u00fcber ein privates Internetkonto auf das Internet zugreifen, und die IP Nummer (sie wird ihrem Rechner bei jeder Interneteinwahl automatisch zugewiesen), mit der Sie auf unsere Website zugreifen<\/li><li>der verwendete Browser (z.B. Internet Explorer, Fire Fox, Opera, Safari\u2026) und das verwendete Betriebssystem (z.B. Windows, Unix, Mac\u2026)<\/li><li>Datum und Zeit des Zugriffes<\/li><li>die Seiten, auf die Sie zugegriffen haben<\/li><li>die Referenzseite, wenn Sie unsere Website \u00fcber eine andere Website aufgerufen haben.<\/li><\/ul>\n\n\n\n<p>Die automatisch \u00fcberwiesenen Informationen zwischen den Rechnern lassen eine pers\u00f6nliche Identifizierung nicht zu. Diese anonymen Informationen dienen lediglich zu statistischen Zwecken mit dem Ziel, die Website f\u00fcr Sie n\u00fctzlicher zu gestalten.<\/p>\n","protected":false},"excerpt":{"rendered":"<p>Sie k\u00f6nnen generell auf den Seiten von schmutz treuhand navigieren, ohne Informationen zu hinterlassen, die einen R\u00fcckschluss auf Ihre Identit\u00e4t erm\u00f6glichen. Wir erstellen keine Benutzerprofile und f\u00fchren auch keine solchen &#8230;<\/p>\n","protected":false},"author":1,"featured_media":0,"parent":0,"menu_order":0,"comment_status":"closed","ping_status":"closed","template":"","meta":{"footnotes":""},"class_list":["post-2184","page","type-page","status-publish","hentry"],"jetpack_sharing_enabled":true,"_links":{"self":[{"href":"https:\/\/www.schmutz-treuhand.ch\/index.php\/wp-json\/wp\/v2\/pages\/2184","targetHints":{"allow":["GET"]}}],"collection":[{"href":"https:\/\/www.schmutz-treuhand.ch\/index.php\/wp-json\/wp\/v2\/pages"}],"about":[{"href":"https:\/\/www.schmutz-treuhand.ch\/index.php\/wp-json\/wp\/v2\/types\/page"}],"author":[{"embeddable":true,"href":"https:\/\/www.schmutz-treuhand.ch\/index.php\/wp-json\/wp\/v2\/users\/1"}],"replies":[{"embeddable":true,"href":"https:\/\/www.schmutz-treuhand.ch\/index.php\/wp-json\/wp\/v2\/comments?post=2184"}],"version-history":[{"count":2,"href":"https:\/\/www.schmutz-treuhand.ch\/index.php\/wp-json\/wp\/v2\/pages\/2184\/revisions"}],"predecessor-version":[{"id":2347,"href":"https:\/\/www.schmutz-treuhand.ch\/index.php\/wp-json\/wp\/v2\/pages\/2184\/revisions\/2347"}],"wp:attachment":[{"href":"https:\/\/www.schmutz-treuhand.ch\/index.php\/wp-json\/wp\/v2\/media?parent=2184"}],"curies":[{"name":"wp","href":"https:\/\/api.w.org\/{rel}","templated":true}]}}